{"id":2934,"date":"2017-07-19T09:14:34","date_gmt":"2017-07-19T07:14:34","guid":{"rendered":"https:\/\/www.residenceciliegio.it\/servizi\/"},"modified":"2023-01-13T08:57:32","modified_gmt":"2023-01-13T07:57:32","slug":"ausstattung","status":"publish","type":"page","link":"https:\/\/www.residenceciliegio.it\/de\/ausstattung\/","title":{"rendered":"Ausstattung"},"content":{"rendered":"<div class=\"wpb-content-wrapper\"><p>[vc_row][vc_column width=&#8221;6\/12&#8243; css=&#8221;.vc_custom_1467360650255{margin-top: 10px !important;margin-bottom: 10px !important;padding-top: 0px !important;padding-right: 40px !important;}&#8221;]<div style=\"background-color:; height: 20px;\" class=\"nicdark_section\"><\/div> <h1 style=\"color:#999999; padding:px; text-align:right; font-size:12px; line-height:px; letter-spacing: px; font-weight:normal;\" class=\"nd_options_text_align_center_responsive_important nd_options_second_font \">RESIDENCE IL CILIEGIO<\/h1> <div style=\"background-color:; height: 10px;\" class=\"nicdark_section\"><\/div> <h1 style=\"color:#af737e; padding:px; text-align:right; font-size:55px; line-height:80px; letter-spacing: px; font-weight:normal;\" class=\"nd_options_text_align_center_responsive_important nd_options_first_font \">UNSERE LEISTUNGEN<\/h1>  <h1 style=\"color:#af737e; padding:px; text-align:right; font-size:30px; line-height:40px; letter-spacing: px; font-weight:normal;\" class=\"nd_options_text_align_center_responsive_important nd_options_first_font \">Wir m\u00f6chten Ihren Aufenthalt so angenehm wie m\u00f6glich gestalten.<\/h1> <div style=\"background-color:; height: 20px;\" class=\"nicdark_section\"><\/div> <h1 style=\"color:#999999; padding:px; text-align:right; font-size:14px; line-height:25px; letter-spacing: px; font-weight:normal;\" class=\"nd_options_text_align_center_responsive_important nd_options_second_font \">Erfahren Sie auf dieser Seite mehr \u00fcber unsere Angebote. Sehr gerne k\u00f6nnen Sie uns auch anrufen und wir planen gemeinsam Ihren Aufenthalt.<\/h1> [\/vc_column][vc_column width=&#8221;3\/12&#8243; css=&#8221;.vc_custom_1467207292391{margin-top: 10px !important;margin-bottom: 10px !important;padding-top: 0px !important;}&#8221;]<div style=\"background-color:; height: 20px;\" class=\"nicdark_section\"><\/div>[vc_column_text el_class=&#8221;nd_options_text_align_center_responsive&#8221;]<strong><span style=\"color: #af737e;\">Leistugen:<\/span><\/strong><\/p>\n<p><strong>*<\/strong>\u00a0eigenes Bad mit F\u00f6n<\/p>\n<p><strong>*\u00a0<\/strong>Klimaanlage in den Schlafzimmern<\/p>\n<p><strong>*\u00a0<\/strong>Heizung in allen R\u00e4umen<\/p>\n<p>*\u00a0gut ausgestattete K\u00fcche<\/p>\n<p>* Gratis-WLAN im ganzen Haus<\/p>\n<p><strong>* <\/strong>Parkm\u00f6glichkeit auf unserem privaten Gel\u00e4nde<\/p>\n<p>* Liegen, Tisch und St\u00fchle sowie Tischtennisplatte im Au\u00dfenbereich<\/p>\n<p><strong>*\u00a0<\/strong>Fahrradnutzung m\u00f6glich<\/p>\n<p><strong>*\u00a0<\/strong>Sprachen: Italienisch und Englisch<\/p>\n<p><img loading=\"lazy\" decoding=\"async\" class=\"alignnone size-full wp-image-2343\" src=\"https:\/\/www.residenceciliegio.it\/wp-content\/uploads\/2017\/07\/icon-18-1.png\" alt=\"\" width=\"64\" height=\"64\" \/>[\/vc_column_text][\/vc_column][vc_column width=&#8221;3\/12&#8243; css=&#8221;.vc_custom_1467207298589{margin-top: 10px !important;margin-bottom: 10px !important;padding-top: 0px !important;}&#8221;]<div style=\"background-color:; height: 20px;\" class=\"nicdark_section\"><\/div>[vc_column_text el_class=&#8221;nd_options_text_align_center_responsive&#8221;]<span style=\"color: #af737e;\"><strong>\u00dcbernachtung und Reservierung<\/strong><\/span><\/p>\n<p>Der Check-in ist ab 18.00 Uhr m\u00f6glich. Der Check-out sollte bis 12.00 Uhr erfolgen.[\/vc_column_text][vc_column_text el_class=&#8221;nd_options_text_align_center_responsive&#8221;]Bitte teilen Sie uns Ihre ungef\u00e4hren Ankunfts- bzw. Abfahrtszeiten per E-Mail mit.<\/p>\n<p>[\/vc_column_text]<div style=\"background-color:; height: 10px;\" class=\"nicdark_section\"><\/div>[vc_column_text el_class=&#8221;nd_options_text_align_center_responsive&#8221;]<span style=\"color: #af737e;\"><strong>Stornierung<\/strong><\/span><\/p>\n<p>Die Buchung kann bis 2 Wochen vor der geplanten Anreise kostenlos storniert werden.[\/vc_column_text]<div style=\"background-color:; height: 15px;\" class=\"nicdark_section\"><\/div>[\/vc_column][\/vc_row][vc_row][vc_column][vc_column_text]<\/p>\n<p>[\/vc_column_text][\/vc_column][\/vc_row][vc_row css=&#8221;.vc_custom_1504192216891{margin-top: 20px !important;}&#8221;][vc_column width=&#8221;1\/3&#8243;]\n\n    <div class=\"nd_options_section nd_options_position_relative \">\n\n        <img decoding=\"async\" style=\"top:px;\" alt=\"\" class=\"nd_options_position_absolute nd_options_left_0\" width=\"50\" src=\"https:\/\/www.residenceciliegio.it\/wp-content\/uploads\/2017\/07\/icon-10-1.png\">\n\n        <div style=\"padding-left:70px;\" class=\"nd_options_section nd_options_box_sizing_border_box\">\n            \n            <h3 class=\"nd_options_first_font  \" style=\"margin:; color:; font-size:25px;line-height:25px;\">Bad<\/h3> \n            <p class=\"nd_options_second_font  \" style=\"margin:20px 0px; color:; font-size:14px;line-height:24px;\">F\u00f6n in allen B\u00e4dern vorhanden<\/p> \n            \n\n        <\/div>\n\n    <\/div>\n\n  <div style=\"background-color:; height: 5px;\" class=\"nicdark_section\"><\/div>[\/vc_column][vc_column width=&#8221;1\/3&#8243;]\n\n    <div class=\"nd_options_section nd_options_position_relative \">\n\n        <img decoding=\"async\" style=\"top:px;\" alt=\"\" class=\"nd_options_position_absolute nd_options_left_0\" width=\"50\" src=\"https:\/\/www.residenceciliegio.it\/wp-content\/uploads\/2017\/07\/icon-12-1-1.png\">\n\n        <div style=\"padding-left:70px;\" class=\"nd_options_section nd_options_box_sizing_border_box\">\n            \n            <h3 class=\"nd_options_first_font  \" style=\"margin:; color:; font-size:25px;line-height:25px;\">WLAN<\/h3> \n            <p class=\"nd_options_second_font  \" style=\"margin:20px 0px; color:; font-size:14px;line-height:24px;\">Gratis-WLAN<\/p> \n            \n\n        <\/div>\n\n    <\/div>\n\n  <div style=\"background-color:; height: 5px;\" class=\"nicdark_section\"><\/div>[\/vc_column][vc_column width=&#8221;1\/3&#8243;]\n\n    <div class=\"nd_options_section nd_options_position_relative \">\n\n        <img decoding=\"async\" style=\"top:px;\" alt=\"\" class=\"nd_options_position_absolute nd_options_left_0\" width=\"50\" src=\"https:\/\/www.residenceciliegio.it\/wp-content\/uploads\/2018\/01\/div-animali.png\">\n\n        <div style=\"padding-left:70px;\" class=\"nd_options_section nd_options_box_sizing_border_box\">\n            \n            <h3 class=\"nd_options_first_font  \" style=\"margin:; color:; font-size:25px;line-height:25px;\">keine Haustiere<\/h3> \n            <p class=\"nd_options_second_font  \" style=\"margin:20px 0px; color:; font-size:14px;line-height:24px;\">Das Mitbringen von Haustieren ist nicht erlaubt<\/p> \n            \n\n        <\/div>\n\n    <\/div>\n\n  <div style=\"background-color:; height: 5px;\" class=\"nicdark_section\"><\/div>[\/vc_column][\/vc_row][vc_row css=&#8221;.vc_custom_1485535152075{margin-top: 50px !important;}&#8221;][vc_column width=&#8221;1\/3&#8243;]<div style=\"background-color:; height: 10px;\" class=\"nicdark_section\"><\/div>\n\n    <div class=\"nd_options_section nd_options_position_relative \">\n\n        <img decoding=\"async\" style=\"top:px;\" alt=\"\" class=\"nd_options_position_absolute nd_options_left_0\" width=\"50\" src=\"https:\/\/www.residenceciliegio.it\/wp-content\/uploads\/2017\/07\/icon-14-2.png\">\n\n        <div style=\"padding-left:70px;\" class=\"nd_options_section nd_options_box_sizing_border_box\">\n            \n            <h3 class=\"nd_options_first_font  \" style=\"margin:; color:; font-size:25px;line-height:25px;\">Rauchverbot<\/h3> \n            <p class=\"nd_options_second_font  \" style=\"margin:20px 0px; color:; font-size:14px;line-height:24px;\">absolutes Rauchverbot im ganzen Haus<\/p> \n            \n\n        <\/div>\n\n    <\/div>\n\n  <div style=\"background-color:; height: 30px;\" class=\"nicdark_section\"><\/div>[\/vc_column][vc_column width=&#8221;1\/3&#8243;]<div style=\"background-color:; height: 10px;\" class=\"nicdark_section\"><\/div>\n\n    <div class=\"nd_options_section nd_options_position_relative \">\n\n        <img decoding=\"async\" style=\"top:px;\" alt=\"\" class=\"nd_options_position_absolute nd_options_left_0\" width=\"50\" src=\"https:\/\/www.residenceciliegio.it\/wp-content\/uploads\/2017\/07\/icon-11-2.png\">\n\n        <div style=\"padding-left:70px;\" class=\"nd_options_section nd_options_box_sizing_border_box\">\n            \n            <h3 class=\"nd_options_first_font  \" style=\"margin:; color:; font-size:25px;line-height:25px;\">Fahrradnutzung gratis<\/h3> \n            <p class=\"nd_options_second_font  \" style=\"margin:20px 0px; color:; font-size:14px;line-height:24px;\">2 Fahrr\u00e4der vorhanden<\/p> \n            \n\n        <\/div>\n\n    <\/div>\n\n  <div style=\"background-color:; height: 30px;\" class=\"nicdark_section\"><\/div>[\/vc_column][vc_column width=&#8221;1\/3&#8243;]<div style=\"background-color:; height: 10px;\" class=\"nicdark_section\"><\/div>\n\n    <div class=\"nd_options_section nd_options_position_relative \">\n\n        <img decoding=\"async\" style=\"top:px;\" alt=\"\" class=\"nd_options_position_absolute nd_options_left_0\" width=\"50\" src=\"https:\/\/www.residenceciliegio.it\/wp-content\/uploads\/2018\/02\/bandierine.jpg\">\n\n        <div style=\"padding-left:70px;\" class=\"nd_options_section nd_options_box_sizing_border_box\">\n            \n            <h3 class=\"nd_options_first_font  \" style=\"margin:; color:; font-size:25px;line-height:25px;\">Sprachen<\/h3> \n            <p class=\"nd_options_second_font  \" style=\"margin:20px 0px; color:; font-size:14px;line-height:24px;\">Italienisch und Englisch<\/p> \n            \n\n        <\/div>\n\n    <\/div>\n\n  <div style=\"background-color:; height: 30px;\" class=\"nicdark_section\"><\/div>[\/vc_column][\/vc_row][vc_row full_width=&#8221;stretch_row_content&#8221; equal_height=&#8221;yes&#8221; content_placement=&#8221;middle&#8221; css=&#8221;.vc_custom_1673596648301{margin-bottom: -50px !important;}&#8221;][vc_column width=&#8221;1\/2&#8243; css=&#8221;.vc_custom_1519135195747{padding-top: 200px !important;padding-bottom: 200px !important;background-image: url(https:\/\/www.residenceciliegio.it\/wp-content\/uploads\/2018\/01\/immagibe-per-servizi-parte-bassa.jpg?id=1771) !important;background-position: center !important;background-repeat: no-repeat !important;background-size: cover !important;}&#8221;][\/vc_column][vc_column width=&#8221;1\/2&#8243; css=&#8221;.vc_custom_1519135206388{padding-top: 200px !important;padding-bottom: 200px !important;background-image: url(https:\/\/www.residenceciliegio.it\/wp-content\/uploads\/2018\/02\/po-.jpg?id=3468) !important;background-position: center !important;background-repeat: no-repeat !important;background-size: cover !important;}&#8221;][\/vc_column][\/vc_row]<\/p>\n<\/div>","protected":false},"excerpt":{"rendered":"<p>[vc_row][vc_column width=&#8221;6\/12&#8243; css=&#8221;.vc_custom_1467360650255{margin-top: 10px !important;margin-bottom: 10px !important;padding-top: 0px !important;padding-right: 40px !important;}&#8221;][\/vc_column][vc_column width=&#8221;3\/12&#8243; css=&#8221;.vc_custom_1467207292391{margin-top: 10px !important;margin-bottom: 10px !important;padding-top: 0px !important;}&#8221;][vc_column_text el_class=&#8221;nd_options_text_align_center_responsive&#8221;]Leistugen: *\u00a0eigenes Bad mit F\u00f6n *\u00a0Klimaanlage in den Schlafzimmern *\u00a0Heizung in allen R\u00e4umen *\u00a0gut ausgestattete K\u00fcche * Gratis-WLAN im ganzen Haus * Parkm\u00f6glichkeit auf unserem privaten Gel\u00e4nde * Liegen, Tisch und St\u00fchle sowie Tischtennisplatte im Au\u00dfenbereich [&hellip;]<\/p>\n","protected":false},"author":33,"featured_media":0,"parent":0,"menu_order":0,"comment_status":"closed","ping_status":"open","template":"","meta":{"footnotes":""},"class_list":["post-2934","page","type-page","status-publish","hentry"],"yoast_head":"<!-- This site is optimized with the Yoast SEO plugin v26.7 - https:\/\/yoast.com\/wordpress\/plugins\/seo\/ -->\n<title>Ausstattung - Residence Ciliegio<\/title>\n<meta name=\"robots\" content=\"index, follow, max-snippet:-1, max-image-preview:large, max-video-preview:-1\" \/>\n<link rel=\"canonical\" href=\"https:\/\/www.residenceciliegio.it\/de\/ausstattung\/\" \/>\n<meta property=\"og:locale\" content=\"de_DE\" \/>\n<meta property=\"og:type\" content=\"article\" \/>\n<meta property=\"og:title\" content=\"Ausstattung - Residence Ciliegio\" \/>\n<meta property=\"og:description\" content=\"[vc_row][vc_column width=&#8221;6\/12&#8243; css=&#8221;.vc_custom_1467360650255{margin-top: 10px !important;margin-bottom: 10px !important;padding-top: 0px !important;padding-right: 40px !important;}&#8221;][\/vc_column][vc_column width=&#8221;3\/12&#8243; css=&#8221;.vc_custom_1467207292391{margin-top: 10px !important;margin-bottom: 10px !important;padding-top: 0px !important;}&#8221;][vc_column_text el_class=&#8221;nd_options_text_align_center_responsive&#8221;]Leistugen: *\u00a0eigenes Bad mit F\u00f6n *\u00a0Klimaanlage in den Schlafzimmern *\u00a0Heizung in allen R\u00e4umen *\u00a0gut ausgestattete K\u00fcche * Gratis-WLAN im ganzen Haus * Parkm\u00f6glichkeit auf unserem privaten Gel\u00e4nde * Liegen, Tisch und St\u00fchle sowie Tischtennisplatte im Au\u00dfenbereich [&hellip;]\" \/>\n<meta property=\"og:url\" content=\"https:\/\/www.residenceciliegio.it\/de\/ausstattung\/\" \/>\n<meta property=\"og:site_name\" content=\"Residence Ciliegio\" \/>\n<meta property=\"article:modified_time\" content=\"2023-01-13T07:57:32+00:00\" \/>\n<meta property=\"og:image\" content=\"https:\/\/www.residenceciliegio.it\/wp-content\/uploads\/2017\/07\/icon-18-1.png\" \/>\n<meta name=\"twitter:card\" content=\"summary_large_image\" \/>\n<meta name=\"twitter:label1\" content=\"Est. reading time\" \/>\n\t<meta name=\"twitter:data1\" content=\"3 minutes\" \/>\n<script type=\"application\/ld+json\" class=\"yoast-schema-graph\">{\"@context\":\"https:\/\/schema.org\",\"@graph\":[{\"@type\":\"WebPage\",\"@id\":\"https:\/\/www.residenceciliegio.it\/de\/ausstattung\/\",\"url\":\"https:\/\/www.residenceciliegio.it\/de\/ausstattung\/\",\"name\":\"Ausstattung - Residence Ciliegio\",\"isPartOf\":{\"@id\":\"https:\/\/www.residenceciliegio.it\/#website\"},\"primaryImageOfPage\":{\"@id\":\"https:\/\/www.residenceciliegio.it\/de\/ausstattung\/#primaryimage\"},\"image\":{\"@id\":\"https:\/\/www.residenceciliegio.it\/de\/ausstattung\/#primaryimage\"},\"thumbnailUrl\":\"https:\/\/www.residenceciliegio.it\/wp-content\/uploads\/2017\/07\/icon-18-1.png\",\"datePublished\":\"2017-07-19T07:14:34+00:00\",\"dateModified\":\"2023-01-13T07:57:32+00:00\",\"breadcrumb\":{\"@id\":\"https:\/\/www.residenceciliegio.it\/de\/ausstattung\/#breadcrumb\"},\"inLanguage\":\"de-DE\",\"potentialAction\":[{\"@type\":\"ReadAction\",\"target\":[\"https:\/\/www.residenceciliegio.it\/de\/ausstattung\/\"]}]},{\"@type\":\"ImageObject\",\"inLanguage\":\"de-DE\",\"@id\":\"https:\/\/www.residenceciliegio.it\/de\/ausstattung\/#primaryimage\",\"url\":\"https:\/\/www.residenceciliegio.it\/wp-content\/uploads\/2017\/07\/icon-18-1.png\",\"contentUrl\":\"https:\/\/www.residenceciliegio.it\/wp-content\/uploads\/2017\/07\/icon-18-1.png\"},{\"@type\":\"BreadcrumbList\",\"@id\":\"https:\/\/www.residenceciliegio.it\/de\/ausstattung\/#breadcrumb\",\"itemListElement\":[{\"@type\":\"ListItem\",\"position\":1,\"name\":\"Home\",\"item\":\"https:\/\/www.residenceciliegio.it\/de\/\"},{\"@type\":\"ListItem\",\"position\":2,\"name\":\"Ausstattung\"}]},{\"@type\":\"WebSite\",\"@id\":\"https:\/\/www.residenceciliegio.it\/#website\",\"url\":\"https:\/\/www.residenceciliegio.it\/\",\"name\":\"Residence Ciliegio\",\"description\":\"\",\"potentialAction\":[{\"@type\":\"SearchAction\",\"target\":{\"@type\":\"EntryPoint\",\"urlTemplate\":\"https:\/\/www.residenceciliegio.it\/?s={search_term_string}\"},\"query-input\":{\"@type\":\"PropertyValueSpecification\",\"valueRequired\":true,\"valueName\":\"search_term_string\"}}],\"inLanguage\":\"de-DE\"}]}<\/script>\n<!-- \/ Yoast SEO plugin. -->","yoast_head_json":{"title":"Ausstattung - Residence Ciliegio","robots":{"index":"index","follow":"follow","max-snippet":"max-snippet:-1","max-image-preview":"max-image-preview:large","max-video-preview":"max-video-preview:-1"},"canonical":"https:\/\/www.residenceciliegio.it\/de\/ausstattung\/","og_locale":"de_DE","og_type":"article","og_title":"Ausstattung - Residence Ciliegio","og_description":"[vc_row][vc_column width=&#8221;6\/12&#8243; css=&#8221;.vc_custom_1467360650255{margin-top: 10px !important;margin-bottom: 10px !important;padding-top: 0px !important;padding-right: 40px !important;}&#8221;][\/vc_column][vc_column width=&#8221;3\/12&#8243; css=&#8221;.vc_custom_1467207292391{margin-top: 10px !important;margin-bottom: 10px !important;padding-top: 0px !important;}&#8221;][vc_column_text el_class=&#8221;nd_options_text_align_center_responsive&#8221;]Leistugen: *\u00a0eigenes Bad mit F\u00f6n *\u00a0Klimaanlage in den Schlafzimmern *\u00a0Heizung in allen R\u00e4umen *\u00a0gut ausgestattete K\u00fcche * Gratis-WLAN im ganzen Haus * Parkm\u00f6glichkeit auf unserem privaten Gel\u00e4nde * Liegen, Tisch und St\u00fchle sowie Tischtennisplatte im Au\u00dfenbereich [&hellip;]","og_url":"https:\/\/www.residenceciliegio.it\/de\/ausstattung\/","og_site_name":"Residence Ciliegio","article_modified_time":"2023-01-13T07:57:32+00:00","og_image":[{"url":"https:\/\/www.residenceciliegio.it\/wp-content\/uploads\/2017\/07\/icon-18-1.png","type":"","width":"","height":""}],"twitter_card":"summary_large_image","twitter_misc":{"Est. reading time":"3 minutes"},"schema":{"@context":"https:\/\/schema.org","@graph":[{"@type":"WebPage","@id":"https:\/\/www.residenceciliegio.it\/de\/ausstattung\/","url":"https:\/\/www.residenceciliegio.it\/de\/ausstattung\/","name":"Ausstattung - Residence Ciliegio","isPartOf":{"@id":"https:\/\/www.residenceciliegio.it\/#website"},"primaryImageOfPage":{"@id":"https:\/\/www.residenceciliegio.it\/de\/ausstattung\/#primaryimage"},"image":{"@id":"https:\/\/www.residenceciliegio.it\/de\/ausstattung\/#primaryimage"},"thumbnailUrl":"https:\/\/www.residenceciliegio.it\/wp-content\/uploads\/2017\/07\/icon-18-1.png","datePublished":"2017-07-19T07:14:34+00:00","dateModified":"2023-01-13T07:57:32+00:00","breadcrumb":{"@id":"https:\/\/www.residenceciliegio.it\/de\/ausstattung\/#breadcrumb"},"inLanguage":"de-DE","potentialAction":[{"@type":"ReadAction","target":["https:\/\/www.residenceciliegio.it\/de\/ausstattung\/"]}]},{"@type":"ImageObject","inLanguage":"de-DE","@id":"https:\/\/www.residenceciliegio.it\/de\/ausstattung\/#primaryimage","url":"https:\/\/www.residenceciliegio.it\/wp-content\/uploads\/2017\/07\/icon-18-1.png","contentUrl":"https:\/\/www.residenceciliegio.it\/wp-content\/uploads\/2017\/07\/icon-18-1.png"},{"@type":"BreadcrumbList","@id":"https:\/\/www.residenceciliegio.it\/de\/ausstattung\/#breadcrumb","itemListElement":[{"@type":"ListItem","position":1,"name":"Home","item":"https:\/\/www.residenceciliegio.it\/de\/"},{"@type":"ListItem","position":2,"name":"Ausstattung"}]},{"@type":"WebSite","@id":"https:\/\/www.residenceciliegio.it\/#website","url":"https:\/\/www.residenceciliegio.it\/","name":"Residence Ciliegio","description":"","potentialAction":[{"@type":"SearchAction","target":{"@type":"EntryPoint","urlTemplate":"https:\/\/www.residenceciliegio.it\/?s={search_term_string}"},"query-input":{"@type":"PropertyValueSpecification","valueRequired":true,"valueName":"search_term_string"}}],"inLanguage":"de-DE"}]}},"_links":{"self":[{"href":"https:\/\/www.residenceciliegio.it\/de\/wp-json\/wp\/v2\/pages\/2934","targetHints":{"allow":["GET"]}}],"collection":[{"href":"https:\/\/www.residenceciliegio.it\/de\/wp-json\/wp\/v2\/pages"}],"about":[{"href":"https:\/\/www.residenceciliegio.it\/de\/wp-json\/wp\/v2\/types\/page"}],"author":[{"embeddable":true,"href":"https:\/\/www.residenceciliegio.it\/de\/wp-json\/wp\/v2\/users\/33"}],"replies":[{"embeddable":true,"href":"https:\/\/www.residenceciliegio.it\/de\/wp-json\/wp\/v2\/comments?post=2934"}],"version-history":[{"count":2,"href":"https:\/\/www.residenceciliegio.it\/de\/wp-json\/wp\/v2\/pages\/2934\/revisions"}],"predecessor-version":[{"id":5256,"href":"https:\/\/www.residenceciliegio.it\/de\/wp-json\/wp\/v2\/pages\/2934\/revisions\/5256"}],"wp:attachment":[{"href":"https:\/\/www.residenceciliegio.it\/de\/wp-json\/wp\/v2\/media?parent=2934"}],"curies":[{"name":"wp","href":"https:\/\/api.w.org\/{rel}","templated":true}]}}